{"id":113,"date":"2022-11-14T23:48:51","date_gmt":"2022-11-14T23:48:51","guid":{"rendered":"https:\/\/atdmfg.com\/?page_id=113"},"modified":"2022-12-02T16:14:26","modified_gmt":"2022-12-02T16:14:26","slug":"acerca-de","status":"publish","type":"page","link":"https:\/\/atdmfg.com\/index.php\/acerca-de\/","title":{"rendered":"Acerca de"},"content":{"rendered":"<p>[et_pb_section fb_built=&#8221;1&#8243; _builder_version=&#8221;4.19.1&#8243; _module_preset=&#8221;default&#8221; background_image=&#8221;https:\/\/atdmfg.com\/wp-content\/uploads\/2022\/11\/img_mtto_fondo.jpg&#8221; border_width_bottom=&#8221;16px&#8221; border_color_bottom=&#8221;#1f72b4&#8243; global_colors_info=&#8221;{}&#8221;][et_pb_row _builder_version=&#8221;4.16&#8243; _module_preset=&#8221;default&#8221; global_colors_info=&#8221;{}&#8221;][et_pb_column type=&#8221;4_4&#8243; _builder_version=&#8221;4.16&#8243; _module_preset=&#8221;default&#8221; global_colors_info=&#8221;{}&#8221;][et_pb_text _builder_version=&#8221;4.19.1&#8243; _module_preset=&#8221;default&#8221; header_2_font=&#8221;Rajdhani|700|||||||&#8221; header_2_text_color=&#8221;#FFFFFF&#8221; header_2_font_size=&#8221;50px&#8221; header_3_font=&#8221;|||||on|||&#8221; header_3_text_color=&#8221;#FFFFFF&#8221; custom_margin=&#8221;||0px|||&#8221; animation_style=&#8221;slide&#8221; animation_direction=&#8221;right&#8221; animation_intensity_slide=&#8221;10%&#8221; header_2_text_shadow_style=&#8221;preset3&#8243; header_2_text_shadow_color=&#8221;rgba(0,0,0,0.7)&#8221; global_colors_info=&#8221;{}&#8221;]<\/p>\n<h2>Nosotros<\/h2>\n<p>[\/et_pb_text][\/et_pb_column][\/et_pb_row][\/et_pb_section][et_pb_section fb_built=&#8221;1&#8243; module_id=&#8221;acercade&#8221; _builder_version=&#8221;4.16&#8243; _module_preset=&#8221;default&#8221; use_background_color_gradient=&#8221;on&#8221; background_color_gradient_stops=&#8221;rgba(255,255,255,0) 70%|#ffffff 100%&#8221; background_color_gradient_start=&#8221;rgba(255,255,255,0)&#8221; background_color_gradient_start_position=&#8221;70%&#8221; background_color_gradient_end=&#8221;#ffffff&#8221; background_image=&#8221;https:\/\/atdmfg.com\/wp-content\/uploads\/2022\/11\/fondo5cuadrosAlpha2.png&#8221; parallax=&#8221;on&#8221; custom_padding=&#8221;||29px|||&#8221; locked=&#8221;off&#8221; global_colors_info=&#8221;{}&#8221;][et_pb_row column_structure=&#8221;1_2,1_2&#8243; _builder_version=&#8221;4.16&#8243; _module_preset=&#8221;default&#8221; global_colors_info=&#8221;{}&#8221;][et_pb_column type=&#8221;1_2&#8243; _builder_version=&#8221;4.16&#8243; _module_preset=&#8221;default&#8221; global_colors_info=&#8221;{}&#8221;][et_pb_text _builder_version=&#8221;4.19.0&#8243; _module_preset=&#8221;default&#8221; header_2_font=&#8221;Rajdhani|700|||||||&#8221; header_2_font_size=&#8221;40px&#8221; header_3_font=&#8221;Rajdhani|600||||on|||&#8221; header_3_text_color=&#8221;#828282&#8243; header_3_font_size=&#8221;20px&#8221; custom_margin=&#8221;||0px|||&#8221; animation_style=&#8221;slide&#8221; animation_direction=&#8221;right&#8221; animation_intensity_slide=&#8221;10%&#8221; global_colors_info=&#8221;{}&#8221;]<\/p>\n<h3>Con\u00f3cenos<\/h3>\n<h2>Acerca de<\/h2>\n<p>[\/et_pb_text][et_pb_divider color=&#8221;#e2e2e2&#8243; divider_weight=&#8221;9px&#8221; _builder_version=&#8221;4.16&#8243; _module_preset=&#8221;default&#8221; custom_margin=&#8221;||2px|||&#8221; global_colors_info=&#8221;{}&#8221;][\/et_pb_divider][et_pb_text _builder_version=&#8221;4.19.2&#8243; _module_preset=&#8221;default&#8221; text_font=&#8221;Rajdhani||||||||&#8221; text_font_size=&#8221;16px&#8221; header_2_font=&#8221;|700|||||||&#8221; header_2_font_size=&#8221;40px&#8221; header_3_font=&#8221;|||||on|||&#8221; header_3_text_color=&#8221;#828282&#8243; animation_style=&#8221;slide&#8221; animation_direction=&#8221;right&#8221; animation_intensity_slide=&#8221;10%&#8221; hover_enabled=&#8221;0&#8243; global_colors_info=&#8221;{}&#8221; sticky_enabled=&#8221;0&#8243;]<\/p>\n<p><strong>Dise\u00f1amos soluciones industriales.<\/strong><\/p>\n<p>Somos un socio estrat\u00e9gico para ayudar a nuestros clientes a cumplir sus objetivos mediante el dise\u00f1o, producci\u00f3n y entrega de piezas met\u00e1licas, maquinaria y equipos para la industria manufacturera.<\/p>\n<p>Nuestra ventaja competitiva se deriva de nuestra capacidad para entregar piezas de alta calidad a precios competitivos regionales, todo desde una sola fuente.<\/p>\n<p>[\/et_pb_text][et_pb_blurb title=&#8221;400 m2 Area total de trabajo &#8221; use_icon=&#8221;on&#8221; font_icon=&#8221;&#xe052;||divi||400&#8243; icon_color=&#8221;#fdb400&#8243; icon_placement=&#8221;left&#8221; image_icon_width=&#8221;30px&#8221; _builder_version=&#8221;4.19.1&#8243; _module_preset=&#8221;default&#8221; header_font=&#8221;Rajdhani|600|||||||&#8221; header_font_size=&#8221;20px&#8221; custom_margin=&#8221;||28px|||&#8221; animation_style=&#8221;slide&#8221; animation_direction=&#8221;right&#8221; animation_intensity_slide=&#8221;10%&#8221; global_colors_info=&#8221;{}&#8221; icon_color__hover=&#8221;#E09900&#8243; icon_color__hover_enabled=&#8221;on|hover&#8221;][\/et_pb_blurb][et_pb_blurb title=&#8221;\u00c1reas de Oficina, CNC y Fresado y \u00c1rea de soldadura y corte.&#8221; use_icon=&#8221;on&#8221; font_icon=&#8221;&#xe052;||divi||400&#8243; icon_color=&#8221;#fdb400&#8243; icon_placement=&#8221;left&#8221; image_icon_width=&#8221;30px&#8221; _builder_version=&#8221;4.19.0&#8243; _module_preset=&#8221;default&#8221; header_font=&#8221;Rajdhani|600|||||||&#8221; header_font_size=&#8221;20px&#8221; custom_margin=&#8221;||28px|||&#8221; animation_style=&#8221;slide&#8221; animation_direction=&#8221;right&#8221; animation_intensity_slide=&#8221;10%&#8221; global_colors_info=&#8221;{}&#8221; icon_color__hover=&#8221;#E09900&#8243; icon_color__hover_enabled=&#8221;on|hover&#8221;][\/et_pb_blurb][et_pb_blurb title=&#8221;\u00c1reas abiertas para pintura, Almacenamiento de materiales y estampaci\u00f3n de metales.&#8221; use_icon=&#8221;on&#8221; font_icon=&#8221;&#xe052;||divi||400&#8243; icon_color=&#8221;#fdb400&#8243; icon_placement=&#8221;left&#8221; image_icon_width=&#8221;30px&#8221; _builder_version=&#8221;4.19.0&#8243; _module_preset=&#8221;default&#8221; header_font=&#8221;Rajdhani|600|||||||&#8221; header_font_size=&#8221;20px&#8221; custom_margin=&#8221;||28px|||&#8221; animation_style=&#8221;slide&#8221; animation_direction=&#8221;right&#8221; animation_intensity_slide=&#8221;10%&#8221; global_colors_info=&#8221;{}&#8221; icon_color__hover=&#8221;#E09900&#8243; icon_color__hover_enabled=&#8221;on|hover&#8221;][\/et_pb_blurb][\/et_pb_column][et_pb_column type=&#8221;1_2&#8243; _builder_version=&#8221;4.16&#8243; _module_preset=&#8221;default&#8221; global_colors_info=&#8221;{}&#8221;][et_pb_image src=&#8221;https:\/\/atdmfg.com\/wp-content\/uploads\/2022\/11\/img_in_serv_cnc.jpg&#8221; title_text=&#8221;img_in_serv_cnc&#8221; show_in_lightbox=&#8221;on&#8221; _builder_version=&#8221;4.19.0&#8243; _module_preset=&#8221;default&#8221; transform_translate_linked__hover=&#8221;off&#8221; animation_style=&#8221;flip&#8221; animation_direction=&#8221;right&#8221; animation_duration=&#8221;1550ms&#8221; border_radii=&#8221;off|30px||30px|&#8221; border_width_all=&#8221;14px&#8221; border_color_all=&#8221;#255ba5&#8243; box_shadow_style=&#8221;preset3&#8243; box_shadow_color=&#8221;rgba(0,0,0,0.53)&#8221; global_colors_info=&#8221;{}&#8221; transform_styles__hover_enabled=&#8221;off|desktop&#8221; transform_scale__hover_enabled=&#8221;off|desktop&#8221; transform_translate__hover_enabled=&#8221;off|desktop&#8221; transform_rotate__hover_enabled=&#8221;off|desktop&#8221; transform_skew__hover_enabled=&#8221;off|desktop&#8221; transform_origin__hover_enabled=&#8221;off|desktop&#8221; transform_translate__hover=&#8221;0px|-6px&#8221;][\/et_pb_image][et_pb_image src=&#8221;https:\/\/atdmfg.com\/wp-content\/uploads\/2022\/11\/img_acerca2.jpg&#8221; title_text=&#8221;img_acerca2&#8243; show_in_lightbox=&#8221;on&#8221; _builder_version=&#8221;4.19.0&#8243; _module_preset=&#8221;default&#8221; transform_translate_linked__hover=&#8221;off&#8221; animation_style=&#8221;flip&#8221; animation_direction=&#8221;right&#8221; animation_duration=&#8221;1550ms&#8221; border_radii=&#8221;off|30px||30px|&#8221; border_width_all=&#8221;14px&#8221; border_color_all=&#8221;#255ba5&#8243; box_shadow_style=&#8221;preset3&#8243; box_shadow_color=&#8221;rgba(0,0,0,0.53)&#8221; global_colors_info=&#8221;{}&#8221; transform_styles__hover_enabled=&#8221;off|desktop&#8221; transform_scale__hover_enabled=&#8221;off|desktop&#8221; transform_translate__hover=&#8221;0px|-6px&#8221; transform_translate__hover_enabled=&#8221;off|desktop&#8221; transform_rotate__hover_enabled=&#8221;off|desktop&#8221; transform_skew__hover_enabled=&#8221;off|desktop&#8221; transform_origin__hover_enabled=&#8221;off|desktop&#8221;][\/et_pb_image][\/et_pb_column][\/et_pb_row][\/et_pb_section]<\/p>\n","protected":false},"excerpt":{"rendered":"<p>NosotrosCon\u00f3cenos Acerca deDise\u00f1amos soluciones industriales. Somos un socio estrat\u00e9gico para ayudar a nuestros clientes a cumplir sus objetivos mediante el dise\u00f1o, producci\u00f3n y entrega de piezas met\u00e1licas, maquinaria y equipos para la industria manufacturera. Nuestra ventaja competitiva se deriva de nuestra capacidad para entregar piezas de alta calidad a precios competitivos regionales, todo desde una [&hellip;]<\/p>\n","protected":false},"author":1,"featured_media":0,"parent":0,"menu_order":0,"comment_status":"closed","ping_status":"closed","template":"","meta":{"_et_pb_use_builder":"on","_et_pb_old_content":"","_et_gb_content_width":"","footnotes":""},"class_list":["post-113","page","type-page","status-publish","hentry"],"_links":{"self":[{"href":"https:\/\/atdmfg.com\/index.php\/wp-json\/wp\/v2\/pages\/113","targetHints":{"allow":["GET"]}}],"collection":[{"href":"https:\/\/atdmfg.com\/index.php\/wp-json\/wp\/v2\/pages"}],"about":[{"href":"https:\/\/atdmfg.com\/index.php\/wp-json\/wp\/v2\/types\/page"}],"author":[{"embeddable":true,"href":"https:\/\/atdmfg.com\/index.php\/wp-json\/wp\/v2\/users\/1"}],"replies":[{"embeddable":true,"href":"https:\/\/atdmfg.com\/index.php\/wp-json\/wp\/v2\/comments?post=113"}],"version-history":[{"count":22,"href":"https:\/\/atdmfg.com\/index.php\/wp-json\/wp\/v2\/pages\/113\/revisions"}],"predecessor-version":[{"id":332,"href":"https:\/\/atdmfg.com\/index.php\/wp-json\/wp\/v2\/pages\/113\/revisions\/332"}],"wp:attachment":[{"href":"https:\/\/atdmfg.com\/index.php\/wp-json\/wp\/v2\/media?parent=113"}],"curies":[{"name":"wp","href":"https:\/\/api.w.org\/{rel}","templated":true}]}}